{"id":261,"date":"2023-12-11T20:52:39","date_gmt":"2023-12-11T23:52:39","guid":{"rendered":"https:\/\/lucianopaes.com\/?page_id=261"},"modified":"2026-04-06T20:29:56","modified_gmt":"2026-04-06T23:29:56","slug":"luciano-online-cv","status":"publish","type":"page","link":"https:\/\/lucianopaes.com\/","title":{"rendered":"Luciano Online CV"},"content":{"rendered":"<div class=\"et_pb_section_0 et_pb_section et_section_regular et_block_section\"><span class=\"et_pb_background_pattern\"><\/span>\n<div class=\"et_pb_row_0 et_pb_row et_block_row\">\n<div class=\"et_pb_column_0 et_pb_column et_pb_column_4_4 et-last-child et_block_column et_pb_css_mix_blend_mode_passthrough\">\n<div class=\"et_pb_text_0 et_pb_text et_pb_bg_layout_light et_pb_module et_block_module et_pb_text_align_center preset--module--divi-text--691c141b-f4be-48e6-8f29-a7ed49a101c7\"><div class=\"et_pb_text_inner\"><h4>Curr\u00edculo Digital<\/h4>\n<\/div><\/div>\n\n<div class=\"et_pb_text_1 et_pb_text et_pb_bg_layout_light et_pb_module et_block_module et_pb_text_align_center preset--module--divi-text--fffae797-de9c-4203-8fcb-3d089aa0281d\"><div class=\"et_pb_text_inner\"><h1>Luciano Gurj\u00e3o Couto Paes<\/h1>\n<\/div><\/div>\n\n<div class=\"et_pb_text_2 et_pb_text et_pb_bg_layout_light et_pb_module et_block_module et_pb_text_align_center preset--module--divi-text--f7770621-4385-43a7-b370-13c5e895754d\"><div class=\"et_pb_text_inner\"><p>Designer Digital em Transi\u00e7\u00e3o para a \u00c1rea de T.I<\/p>\n<\/div><\/div>\n<\/div>\n<\/div>\n\n<div class=\"et_pb_row_1 et_pb_row et_block_row\">\n<div class=\"et_pb_column_1 et_pb_column et_pb_column_4_4 et-last-child et_block_column et_pb_css_mix_blend_mode_passthrough\">\n<div class=\"et_pb_image_0 et_pb_image et_pb_module et_block_module\"><span class=\"et_pb_image_wrap\"><img loading=\"lazy\" decoding=\"async\" src=\"http:\/\/lucianopaes.com\/wp-content\/uploads\/2023\/02\/DALL\u00b7E-2023-02-17-18-288x300.png\" width=\"288\" height=\"300\" srcset=\"https:\/\/lucianopaes.com\/wp-content\/uploads\/2023\/02\/DALL\u00b7E-2023-02-17-18-288x300.png 288w, https:\/\/lucianopaes.com\/wp-content\/uploads\/2023\/02\/DALL\u00b7E-2023-02-17-18-480x501.png 480w, https:\/\/lucianopaes.com\/wp-content\/uploads\/2023\/02\/DALL\u00b7E-2023-02-17-18.png 559w\" sizes=\"(max-width: 288px) 100vw, 288px\" class=\"wp-image-28\" title=\"DALL\u00b7E-2023-02-17-18\" \/><\/span><\/div>\n<\/div>\n<\/div>\n<\/div>\n\n<div class=\"et_pb_section_1 et_pb_section et_section_regular et_block_section\"><span class=\"et_pb_background_pattern\"><\/span>\n<div class=\"et_pb_row_2 et_pb_row et_block_row\">\n<div class=\"et_pb_column_2 et_pb_column et_pb_column_4_4 et-last-child et_block_column et_pb_css_mix_blend_mode_passthrough\">\n<div class=\"et_pb_text_3 et_pb_text et_pb_bg_layout_light et_pb_module et_block_module et_pb_text_align_center preset--module--divi-text--f7770621-4385-43a7-b370-13c5e895754d\"><div class=\"et_pb_text_inner\"><p>Sou um Designer Digital com s\u00f3lida experi\u00eancia em lideran\u00e7a e execu\u00e7\u00e3o de projetos de design. Atualmente em transi\u00e7\u00e3o para a \u00e1rea de Tecnologia da Informa\u00e7\u00e3o (T.I), buscando oportunidades para desenvolver habilidades e contribuir com entusiasmo e dedica\u00e7\u00e3o.<\/p>\n<\/div><\/div>\n<\/div>\n<\/div>\n\n<div class=\"et_pb_row_3 et_pb_row et_pb_equal_columns et_block_row\">\n<div class=\"et_pb_column_3 et_pb_column et_pb_column_1_2 et_block_column et_pb_css_mix_blend_mode_passthrough\">\n<div class=\"et_pb_text_4 et_pb_text et_pb_bg_layout_light et_pb_module et_block_module preset--module--divi-text--55eb2c8b-3c81-4012-b50f-71fd17253634\"><div class=\"et_pb_text_inner\"><h3>Experi\u00eancia Profissional<\/h3>\n<\/div><\/div>\n\n<div class=\"et_pb_text_5 et_pb_text et_pb_bg_layout_light et_pb_module et_block_module preset--module--divi-text--55eb2c8b-3c81-4012-b50f-71fd17253634\"><div class=\"et_pb_text_inner\"><h3>Ag\u00eancia Blend<\/h3>\n<\/div><\/div>\n\n<div class=\"et_pb_blurb_0 et_pb_blurb et_pb_bg_layout_light et_pb_blurb_position_left et_pb_module et_block_module preset--module--divi-blurb--c1d458dc-5398-419c-b382-97641f2e081f\"><div class=\"et_pb_blurb_content\"><div class=\"et_pb_main_blurb_image\"><span class=\"et_pb_image_wrap\"><span class=\"et-pb-icon\">\ue052<\/span><\/span><\/div><div class=\"et_pb_blurb_container\"><div class=\"et_pb_blurb_description\"><p>Fundador e S\u00f3cio-propriet\u00e1rio<\/p>\n<\/div><\/div><\/div><\/div>\n\n<div class=\"et_pb_blurb_1 et_pb_blurb et_pb_bg_layout_light et_pb_blurb_position_left et_pb_module et_block_module preset--module--divi-blurb--c1d458dc-5398-419c-b382-97641f2e081f\"><div class=\"et_pb_blurb_content\"><div class=\"et_pb_blurb_container\"><div class=\"et_pb_blurb_description\"><p>Dezembro de 2011 a Fevereiro de 2026<\/p>\n<\/div><\/div><\/div><\/div>\n\n<div class=\"et_pb_blurb_2 et_pb_blurb et_pb_bg_layout_light et_pb_blurb_position_left et_pb_module et_block_module preset--module--divi-blurb--c1d458dc-5398-419c-b382-97641f2e081f\"><div class=\"et_pb_blurb_content\"><div class=\"et_pb_main_blurb_image\"><span class=\"et_pb_image_wrap\"><span class=\"et-pb-icon\">\ue052<\/span><\/span><\/div><div class=\"et_pb_blurb_container\"><div class=\"et_pb_blurb_description\"><p>Diretor de Arte e Administrador:<\/p>\n<\/div><\/div><\/div><\/div>\n\n<div class=\"et_pb_blurb_3 et_pb_blurb et_pb_bg_layout_light et_pb_blurb_position_left et_pb_module et_block_module preset--module--divi-blurb--c1d458dc-5398-419c-b382-97641f2e081f\"><div class=\"et_pb_blurb_content\"><div class=\"et_pb_blurb_container\"><div class=\"et_pb_blurb_description\"><p>Liderei projetos de design inovadores e gerencei opera\u00e7\u00f5es como Administrador, acumulando uma d\u00e9cada de experi\u00eancia em lideran\u00e7a criativa.<\/p>\n<\/div><\/div><\/div><\/div>\n\n<div class=\"et_pb_blurb_4 et_pb_blurb et_pb_bg_layout_light et_pb_blurb_position_left et_pb_module et_block_module preset--module--divi-blurb--c1d458dc-5398-419c-b382-97641f2e081f\"><div class=\"et_pb_blurb_content\"><div class=\"et_pb_main_blurb_image\"><span class=\"et_pb_image_wrap\"><span class=\"et-pb-icon\">\ue052<\/span><\/span><\/div><div class=\"et_pb_blurb_container\"><div class=\"et_pb_blurb_description\"><p>Diretor Comercial:<\/p>\n<\/div><\/div><\/div><\/div>\n\n<div class=\"et_pb_blurb_5 et_pb_blurb et_pb_bg_layout_light et_pb_blurb_position_left et_pb_module et_block_module preset--module--divi-blurb--c1d458dc-5398-419c-b382-97641f2e081f\"><div class=\"et_pb_blurb_content\"><div class=\"et_pb_blurb_container\"><div class=\"et_pb_blurb_description\"><p>Definia estrat\u00e9gias comerciais alinhadas aos objetivos da empresa, participando ativamente de reuni\u00f5es com clientes e desenvolvendo planos de neg\u00f3cio.<\/p>\n<\/div><\/div><\/div><\/div>\n\n<div class=\"et_pb_blurb_6 et_pb_blurb et_pb_bg_layout_light et_pb_blurb_position_left et_pb_module et_block_module preset--module--divi-blurb--c1d458dc-5398-419c-b382-97641f2e081f\"><div class=\"et_pb_blurb_content\"><div class=\"et_pb_main_blurb_image\"><span class=\"et_pb_image_wrap\"><span class=\"et-pb-icon\">\ue052<\/span><\/span><\/div><div class=\"et_pb_blurb_container\"><div class=\"et_pb_blurb_description\"><p>Designer<\/p>\n<\/div><\/div><\/div><\/div>\n\n<div class=\"et_pb_blurb_7 et_pb_blurb et_pb_bg_layout_light et_pb_blurb_position_left et_pb_module et_block_module preset--module--divi-blurb--c1d458dc-5398-419c-b382-97641f2e081f\"><div class=\"et_pb_blurb_content\"><div class=\"et_pb_blurb_container\"><div class=\"et_pb_blurb_description\"><p>Desenvolvi campanhas de marketing e liderei projetos de design digital, gr\u00e1fico e de v\u00eddeo.<\/p>\n<\/div><\/div><\/div><\/div>\n<\/div>\n\n<div class=\"et_pb_column_4 et_pb_column et_pb_column_1_2 et-last-child et_block_column et_pb_css_mix_blend_mode_passthrough\">\n<div class=\"et_pb_text_6 et_pb_text et_pb_bg_layout_light et_pb_module et_block_module preset--module--divi-text--55eb2c8b-3c81-4012-b50f-71fd17253634\"><div class=\"et_pb_text_inner\"><h3>Forma\u00e7\u00e3o Acad\u00eamica<\/h3>\n<\/div><\/div>\n\n<div class=\"et_pb_blurb_8 et_pb_blurb et_pb_bg_layout_light et_pb_blurb_position_left et_pb_module et_block_module preset--module--divi-blurb--c1d458dc-5398-419c-b382-97641f2e081f\"><div class=\"et_pb_blurb_content\"><div class=\"et_pb_main_blurb_image\"><span class=\"et_pb_image_wrap\"><span class=\"et-pb-icon\">\uf19c<\/span><\/span><\/div><div class=\"et_pb_blurb_container\"><div class=\"et_pb_blurb_description\"><p>FATEC Mogi Mirim \u2013 Arthur de Azevedo<\/p>\n<\/div><\/div><\/div><\/div>\n\n<div class=\"et_pb_blurb_9 et_pb_blurb et_pb_bg_layout_light et_pb_blurb_position_left et_pb_module et_block_module preset--module--divi-blurb--c1d458dc-5398-419c-b382-97641f2e081f\"><div class=\"et_pb_blurb_content\"><div class=\"et_pb_blurb_container\"><div class=\"et_pb_blurb_description\"><p>2022 a 2025<\/p>\n<\/div><\/div><\/div><\/div>\n\n<div class=\"et_pb_blurb_10 et_pb_blurb et_pb_bg_layout_light et_pb_blurb_position_left et_pb_module et_block_module preset--module--divi-blurb--c1d458dc-5398-419c-b382-97641f2e081f\"><div class=\"et_pb_blurb_content\"><div class=\"et_pb_main_blurb_image\"><span class=\"et_pb_image_wrap\"><span class=\"et-pb-icon\">\uf121<\/span><\/span><\/div><div class=\"et_pb_blurb_container\"><div class=\"et_pb_blurb_description\"><p>An\u00e1lise e Desenvolvimento de Sistemas<\/p>\n<\/div><\/div><\/div><\/div>\n\n<div class=\"et_pb_divider_0 et_pb_divider_hidden et_pb_space et_pb_divider_position_top et_pb_module\"><div class=\"et_pb_divider_internal\"><\/div><\/div>\n\n<div class=\"et_pb_blurb_11 et_pb_blurb et_pb_bg_layout_light et_pb_blurb_position_left et_pb_module et_block_module preset--module--divi-blurb--c1d458dc-5398-419c-b382-97641f2e081f\"><div class=\"et_pb_blurb_content\"><div class=\"et_pb_main_blurb_image\"><span class=\"et_pb_image_wrap\"><span class=\"et-pb-icon\">\uf19c<\/span><\/span><\/div><div class=\"et_pb_blurb_container\"><div class=\"et_pb_blurb_description\"><p>Universidade Anhembi Morumbi<\/p>\n<\/div><\/div><\/div><\/div>\n\n<div class=\"et_pb_blurb_12 et_pb_blurb et_pb_bg_layout_light et_pb_blurb_position_left et_pb_module et_block_module preset--module--divi-blurb--c1d458dc-5398-419c-b382-97641f2e081f\"><div class=\"et_pb_blurb_content\"><div class=\"et_pb_blurb_container\"><div class=\"et_pb_blurb_description\"><p>2007 a 2011<\/p>\n<\/div><\/div><\/div><\/div>\n\n<div class=\"et_pb_blurb_13 et_pb_blurb et_pb_bg_layout_light et_pb_blurb_position_left et_pb_module et_block_module preset--module--divi-blurb--c1d458dc-5398-419c-b382-97641f2e081f\"><div class=\"et_pb_blurb_content\"><div class=\"et_pb_main_blurb_image\"><span class=\"et_pb_image_wrap\"><span class=\"et-pb-icon\">\uf1fc<\/span><\/span><\/div><div class=\"et_pb_blurb_container\"><div class=\"et_pb_blurb_description\"><p>Design Digital<\/p>\n<\/div><\/div><\/div><\/div>\n<\/div>\n<\/div>\n<\/div>\n\n<div class=\"et_pb_section_2 et_pb_section et_section_regular et_block_section\"><span class=\"et_pb_background_pattern\"><\/span>\n<div class=\"et_pb_row_4 et_pb_row et_block_row\">\n<div class=\"et_pb_column_5 et_pb_column et_pb_column_4_4 et-last-child et_block_column et_pb_css_mix_blend_mode_passthrough\">\n<div class=\"et_pb_text_7 et_pb_text et_pb_bg_layout_light et_pb_module et_block_module et_pb_text_align_center preset--module--divi-text--1ce80d25-b029-47e3-8536-81bb1f674505\"><div class=\"et_pb_text_inner\"><h2>Idiomas<\/h2>\n<\/div><\/div>\n<\/div>\n<\/div>\n\n<div class=\"et_pb_row_5 et_pb_row et_block_row\">\n<div class=\"et_pb_column_6 et_pb_column et_pb_column_1_2 et_block_column et_pb_css_mix_blend_mode_passthrough\">\n<div class=\"et_pb_blurb_14 et_pb_blurb et_pb_bg_layout_light et_pb_blurb_position_left et_pb_module et_block_module preset--module--divi-blurb--c1d458dc-5398-419c-b382-97641f2e081f\"><div class=\"et_pb_blurb_content\"><div class=\"et_pb_main_blurb_image\"><span class=\"et_pb_image_wrap\"><span class=\"et-pb-icon\">\uf57d<\/span><\/span><\/div><div class=\"et_pb_blurb_container\"><div class=\"et_pb_blurb_description\"><p>Portugu\u00eas<\/p>\n<\/div><\/div><\/div><\/div>\n\n<div class=\"et_pb_blurb_15 et_pb_blurb et_pb_bg_layout_light et_pb_blurb_position_left et_pb_module et_block_module preset--module--divi-blurb--c1d458dc-5398-419c-b382-97641f2e081f\"><div class=\"et_pb_blurb_content\"><div class=\"et_pb_blurb_container\"><div class=\"et_pb_blurb_description\"><p>Nativo<\/p>\n<\/div><\/div><\/div><\/div>\n<\/div>\n\n<div class=\"et_pb_column_7 et_pb_column et_pb_column_1_2 et-last-child et_block_column et_pb_css_mix_blend_mode_passthrough\">\n<div class=\"et_pb_blurb_16 et_pb_blurb et_pb_bg_layout_light et_pb_blurb_position_left et_pb_module et_block_module preset--module--divi-blurb--c1d458dc-5398-419c-b382-97641f2e081f\"><div class=\"et_pb_blurb_content\"><div class=\"et_pb_main_blurb_image\"><span class=\"et_pb_image_wrap\"><span class=\"et-pb-icon\">\uf57d<\/span><\/span><\/div><div class=\"et_pb_blurb_container\"><div class=\"et_pb_blurb_description\"><p>Ingl\u00eas<\/p>\n<\/div><\/div><\/div><\/div>\n\n<div class=\"et_pb_blurb_17 et_pb_blurb et_pb_bg_layout_light et_pb_blurb_position_left et_pb_module et_block_module preset--module--divi-blurb--c1d458dc-5398-419c-b382-97641f2e081f\"><div class=\"et_pb_blurb_content\"><div class=\"et_pb_blurb_container\"><div class=\"et_pb_blurb_description\"><p>Fluente<\/p>\n<\/div><\/div><\/div><\/div>\n<\/div>\n<\/div>\n\n<div class=\"et_pb_row_6 et_pb_row et_block_row\">\n<div class=\"et_pb_column_8 et_pb_column et_pb_column_4_4 et-last-child et_block_column et_pb_css_mix_blend_mode_passthrough\">\n<div class=\"et_pb_text_8 et_pb_text et_pb_bg_layout_light et_pb_module et_block_module et_pb_text_align_center preset--module--divi-text--1ce80d25-b029-47e3-8536-81bb1f674505\"><div class=\"et_pb_text_inner\"><h2>Minhas especialidades<\/h2>\n<\/div><\/div>\n\n<div class=\"et_pb_blurb_18 et_pb_blurb et_pb_bg_layout_light et_pb_blurb_position_left et_pb_module et_block_module preset--module--divi-blurb--c1d458dc-5398-419c-b382-97641f2e081f\"><div class=\"et_pb_blurb_content\"><div class=\"et_pb_main_blurb_image\"><span class=\"et_pb_image_wrap\"><span class=\"et-pb-icon\">\uf1fc<\/span><\/span><\/div><div class=\"et_pb_blurb_container\"><h4 class=\"et_pb_module_header\">Design<\/h4><\/div><\/div><\/div>\n\n<div class=\"et_pb_blurb_19 et_pb_blurb et_pb_bg_layout_light et_pb_blurb_position_left et_pb_module et_block_module preset--module--divi-blurb--c1d458dc-5398-419c-b382-97641f2e081f\"><div class=\"et_pb_blurb_content\"><div class=\"et_pb_main_blurb_image\"><span class=\"et_pb_image_wrap\"><span class=\"et-pb-icon\">\ue052<\/span><\/span><\/div><div class=\"et_pb_blurb_container\"><div class=\"et_pb_blurb_description\"><p>Desenvolvimento WEB: HTML, CSS, JavaScript, Frameworks, Figma.<\/p>\n<\/div><\/div><\/div><\/div>\n\n<div class=\"et_pb_blurb_20 et_pb_blurb et_pb_bg_layout_light et_pb_blurb_position_left et_pb_module et_block_module preset--module--divi-blurb--c1d458dc-5398-419c-b382-97641f2e081f\"><div class=\"et_pb_blurb_content\"><div class=\"et_pb_main_blurb_image\"><span class=\"et_pb_image_wrap\"><span class=\"et-pb-icon\">\ue052<\/span><\/span><\/div><div class=\"et_pb_blurb_container\"><div class=\"et_pb_blurb_description\"><p>WordPress, Joomla, Magento (CMS em geral).<\/p>\n<\/div><\/div><\/div><\/div>\n\n<div class=\"et_pb_blurb_21 et_pb_blurb et_pb_bg_layout_light et_pb_blurb_position_left et_pb_module et_block_module preset--module--divi-blurb--c1d458dc-5398-419c-b382-97641f2e081f\"><div class=\"et_pb_blurb_content\"><div class=\"et_pb_main_blurb_image\"><span class=\"et_pb_image_wrap\"><span class=\"et-pb-icon\">\ue052<\/span><\/span><\/div><div class=\"et_pb_blurb_container\"><div class=\"et_pb_blurb_description\"><p>Ferramentas de Design: Photoshop, CorelDraw, Illustrator.<\/p>\n<\/div><\/div><\/div><\/div>\n\n<div class=\"et_pb_blurb_22 et_pb_blurb et_pb_bg_layout_light et_pb_blurb_position_left et_pb_module et_block_module preset--module--divi-blurb--c1d458dc-5398-419c-b382-97641f2e081f\"><div class=\"et_pb_blurb_content\"><div class=\"et_pb_main_blurb_image\"><span class=\"et_pb_image_wrap\"><span class=\"et-pb-icon\">\ue052<\/span><\/span><\/div><div class=\"et_pb_blurb_container\"><div class=\"et_pb_blurb_description\"><p>Edi\u00e7\u00f5es de V\u00eddeo.<\/p>\n<\/div><\/div><\/div><\/div>\n\n<div class=\"et_pb_blurb_23 et_pb_blurb et_pb_bg_layout_light et_pb_blurb_position_left et_pb_module et_block_module preset--module--divi-blurb--c1d458dc-5398-419c-b382-97641f2e081f\"><div class=\"et_pb_blurb_content\"><div class=\"et_pb_main_blurb_image\"><span class=\"et_pb_image_wrap\"><span class=\"et-pb-icon\">\ue052<\/span><\/span><\/div><div class=\"et_pb_blurb_container\"><div class=\"et_pb_blurb_description\"><p>Apresenta\u00e7\u00f5es Profissionais em Powerpoint.<\/p>\n<\/div><\/div><\/div><\/div>\n\n<div class=\"et_pb_image_1 et_pb_image et_pb_module et_block_module\"><span class=\"et_pb_image_wrap\"><img loading=\"lazy\" decoding=\"async\" src=\"http:\/\/lucianopaes.com\/wp-content\/uploads\/2023\/02\/financial-technology-32.png\" width=\"1200\" height=\"360\" srcset=\"http:\/\/lucianopaes.com\/wp-content\/uploads\/2023\/02\/financial-technology-32.png 1200w, http:\/\/lucianopaes.com\/wp-content\/uploads\/2023\/02\/financial-technology-32-980x294.png 980w, http:\/\/lucianopaes.com\/wp-content\/uploads\/2023\/02\/financial-technology-32-480x144.png 480w\" sizes=\"(min-width: 0px) and (max-width: 480px) 480px, (min-width: 481px) and (max-width: 980px) 980px, (min-width: 981px) 1200px, 100vw\" class=\"wp-image-16\" title=\"financial-technology-32\" \/><\/span><\/div>\n<\/div>\n<\/div>\n\n<div class=\"et_pb_row_7 et_pb_row et_block_row\">\n<div class=\"et_pb_column_9 et_pb_column et_pb_column_4_4 et-last-child et_block_column et_pb_css_mix_blend_mode_passthrough\">\n<div class=\"et_pb_blurb_24 et_pb_blurb et_pb_bg_layout_light et_pb_blurb_position_left et_pb_module et_block_module preset--module--divi-blurb--c1d458dc-5398-419c-b382-97641f2e081f\"><div class=\"et_pb_blurb_content\"><div class=\"et_pb_main_blurb_image\"><span class=\"et_pb_image_wrap\"><span class=\"et-pb-icon\">\uf121<\/span><\/span><\/div><div class=\"et_pb_blurb_container\"><h4 class=\"et_pb_module_header\">T.I<\/h4><\/div><\/div><\/div>\n\n<div class=\"et_pb_blurb_25 et_pb_blurb et_pb_bg_layout_light et_pb_blurb_position_left et_pb_module et_block_module preset--module--divi-blurb--c1d458dc-5398-419c-b382-97641f2e081f\"><div class=\"et_pb_blurb_content\"><div class=\"et_pb_main_blurb_image\"><span class=\"et_pb_image_wrap\"><span class=\"et-pb-icon\">\ue052<\/span><\/span><\/div><div class=\"et_pb_blurb_container\"><div class=\"et_pb_blurb_description\"><p>Engenharia de I.A Aplicada.<\/p>\n<\/div><\/div><\/div><\/div>\n\n<div class=\"et_pb_blurb_26 et_pb_blurb et_pb_bg_layout_light et_pb_blurb_position_left et_pb_module et_block_module preset--module--divi-blurb--c1d458dc-5398-419c-b382-97641f2e081f\"><div class=\"et_pb_blurb_content\"><div class=\"et_pb_main_blurb_image\"><span class=\"et_pb_image_wrap\"><span class=\"et-pb-icon\">\ue052<\/span><\/span><\/div><div class=\"et_pb_blurb_container\"><div class=\"et_pb_blurb_description\"><p>Cria\u00e7\u00e3o e An\u00e1lise de Banco de Dados - MySQL, NoSQL, etc.<\/p>\n<\/div><\/div><\/div><\/div>\n\n<div class=\"et_pb_blurb_27 et_pb_blurb et_pb_bg_layout_light et_pb_blurb_position_left et_pb_module et_block_module preset--module--divi-blurb--c1d458dc-5398-419c-b382-97641f2e081f\"><div class=\"et_pb_blurb_content\"><div class=\"et_pb_main_blurb_image\"><span class=\"et_pb_image_wrap\"><span class=\"et-pb-icon\">\ue052<\/span><\/span><\/div><div class=\"et_pb_blurb_container\"><div class=\"et_pb_blurb_description\"><p>Engenharia de Software - Levantamentos de requisitos, casos de uso, fluxogramas, Diagrama de Classes e Estados, Scrums, Sprints, etc.<\/p>\n<\/div><\/div><\/div><\/div>\n\n<div class=\"et_pb_blurb_28 et_pb_blurb et_pb_bg_layout_light et_pb_blurb_position_left et_pb_module et_block_module preset--module--divi-blurb--c1d458dc-5398-419c-b382-97641f2e081f\"><div class=\"et_pb_blurb_content\"><div class=\"et_pb_main_blurb_image\"><span class=\"et_pb_image_wrap\"><span class=\"et-pb-icon\">\ue052<\/span><\/span><\/div><div class=\"et_pb_blurb_container\"><div class=\"et_pb_blurb_description\"><p>Prototipa\u00e7\u00e3o, interfaces de baixa e alta fidelidade.<\/p>\n<\/div><\/div><\/div><\/div>\n\n<div class=\"et_pb_blurb_29 et_pb_blurb et_pb_bg_layout_light et_pb_blurb_position_left et_pb_module et_block_module preset--module--divi-blurb--c1d458dc-5398-419c-b382-97641f2e081f\"><div class=\"et_pb_blurb_content\"><div class=\"et_pb_main_blurb_image\"><span class=\"et_pb_image_wrap\"><span class=\"et-pb-icon\">\ue052<\/span><\/span><\/div><div class=\"et_pb_blurb_container\"><div class=\"et_pb_blurb_description\"><p>An\u00e1lise e Desenvolvimento em linguagens: #C, Java, Python e PHP.<\/p>\n<\/div><\/div><\/div><\/div>\n\n<div class=\"et_pb_blurb_30 et_pb_blurb et_pb_bg_layout_light et_pb_blurb_position_left et_pb_module et_block_module preset--module--divi-blurb--c1d458dc-5398-419c-b382-97641f2e081f\"><div class=\"et_pb_blurb_content\"><div class=\"et_pb_main_blurb_image\"><span class=\"et_pb_image_wrap\"><span class=\"et-pb-icon\">\ue052<\/span><\/span><\/div><div class=\"et_pb_blurb_container\"><div class=\"et_pb_blurb_description\"><p>Gest\u00e3o e Administra\u00e7\u00e3o de Projetos.<\/p>\n<\/div><\/div><\/div><\/div>\n\n<div class=\"et_pb_image_2 et_pb_image et_pb_module et_block_module\"><span class=\"et_pb_image_wrap\"><img loading=\"lazy\" decoding=\"async\" src=\"http:\/\/lucianopaes.com\/wp-content\/uploads\/2023\/02\/financial-technology-32.png\" width=\"1200\" height=\"360\" srcset=\"http:\/\/lucianopaes.com\/wp-content\/uploads\/2023\/02\/financial-technology-32.png 1200w, http:\/\/lucianopaes.com\/wp-content\/uploads\/2023\/02\/financial-technology-32-980x294.png 980w, http:\/\/lucianopaes.com\/wp-content\/uploads\/2023\/02\/financial-technology-32-480x144.png 480w\" sizes=\"(min-width: 0px) and (max-width: 480px) 480px, (min-width: 481px) and (max-width: 980px) 980px, (min-width: 981px) 1200px, 100vw\" class=\"wp-image-16\" title=\"financial-technology-32\" \/><\/span><\/div>\n<\/div>\n<\/div>\n<\/div>\n\n<div class=\"et_pb_section_3 et_pb_section et_section_regular et_block_section\"><span class=\"et_pb_background_pattern\"><\/span>\n<div class=\"et_pb_row_8 et_pb_row et_pb_equal_columns et_block_row\">\n<div class=\"et_pb_column_10 et_pb_column et_pb_column_4_4 et-last-child et_block_column et_pb_css_mix_blend_mode_passthrough\">\n<div class=\"et_pb_text_9 et_pb_text et_pb_bg_layout_light et_pb_module et_block_module et_pb_text_align_center et_pb_text_align_center-tablet et_pb_text_align_center-phone preset--module--divi-text--1ce80d25-b029-47e3-8536-81bb1f674505\"><div class=\"et_pb_text_inner\"><h2>Observa\u00e7\u00e3o<\/h2>\n<\/div><\/div>\n\n<div class=\"et_pb_text_10 et_pb_text et_pb_bg_layout_light et_pb_module et_block_module et_pb_text_align_center-tablet et_pb_text_align_center-phone preset--module--divi-text--f7770621-4385-43a7-b370-13c5e895754d\"><div class=\"et_pb_text_inner\"><p>Estou ciente de que minha experi\u00eancia pr\u00e9via em design digital pode gerar expectativas salariais mais altas, no entanto, estou totalmente aberto a posi\u00e7\u00f5es inferiores, alinhando-me aos padr\u00f5es salariais do mercado. Minha prioridade \u00e9 adquirir conhecimento e contribuir ativamente para o sucesso da equipe, demonstrando flexibilidade e comprometimento com meu crescimento profissional na nova \u00e1rea.<\/p>\n<\/div><\/div>\n<\/div>\n<\/div>\n<\/div>\n\n<div class=\"et_pb_section_4 et_pb_section et_section_regular et_block_section\"><span class=\"et_pb_background_pattern\"><\/span>\n<div class=\"et_pb_row_9 et_pb_row et_block_row\">\n<div class=\"et_pb_column_11 et_pb_column et_pb_column_4_4 et-last-child et_block_column et_pb_css_mix_blend_mode_passthrough\">\n<div class=\"et_pb_module et_pb_button_module_wrapper et_pb_button_0_wrapper\"><a class=\"et_pb_button_0 et_pb_button et_pb_bg_layout_light et_pb_module et_block_module\" href=\"http:\/\/lucianopaes.com\/wp-content\/uploads\/2026\/04\/CURRICULO-LUCIANO-PAES.pdf\" target=\"_blank\">Para baixar meu CV em formato PDF, clique aqui.<\/a><\/div>\n\n<div class=\"et_pb_text_11 et_pb_text et_pb_bg_layout_light et_pb_module et_block_module et_pb_text_align_center et_pb_text_align_center-tablet et_pb_text_align_center-phone preset--module--divi-text--f7770621-4385-43a7-b370-13c5e895754d\"><div class=\"et_pb_text_inner\"><p>Caso seja do seu interesse em ver meu portfolio de design (em Portugu\u00eas ou ingl\u00eas).<\/p>\n<\/div><\/div>\n\n<div class=\"et_pb_module et_pb_button_module_wrapper et_pb_button_1_wrapper\"><a class=\"et_pb_button_1 et_pb_button et_pb_bg_layout_light et_pb_module et_block_module\" href=\"https:\/\/lucianopaes.com\/index.php\/landing-page\/\" target=\"_blank\">clique aqui.<\/a><\/div>\n<\/div>\n<\/div>\n<\/div>","protected":false},"excerpt":{"rendered":"","protected":false},"author":1,"featured_media":0,"parent":0,"menu_order":0,"comment_status":"closed","ping_status":"closed","template":"","meta":{"footnotes":""},"class_list":["post-261","page","type-page","status-publish","hentry"],"aioseo_notices":[],"_links":{"self":[{"href":"https:\/\/lucianopaes.com\/index.php\/wp-json\/wp\/v2\/pages\/261","targetHints":{"allow":["GET"]}}],"collection":[{"href":"https:\/\/lucianopaes.com\/index.php\/wp-json\/wp\/v2\/pages"}],"about":[{"href":"https:\/\/lucianopaes.com\/index.php\/wp-json\/wp\/v2\/types\/page"}],"author":[{"embeddable":true,"href":"https:\/\/lucianopaes.com\/index.php\/wp-json\/wp\/v2\/users\/1"}],"replies":[{"embeddable":true,"href":"https:\/\/lucianopaes.com\/index.php\/wp-json\/wp\/v2\/comments?post=261"}],"version-history":[{"count":16,"href":"https:\/\/lucianopaes.com\/index.php\/wp-json\/wp\/v2\/pages\/261\/revisions"}],"predecessor-version":[{"id":473,"href":"https:\/\/lucianopaes.com\/index.php\/wp-json\/wp\/v2\/pages\/261\/revisions\/473"}],"wp:attachment":[{"href":"https:\/\/lucianopaes.com\/index.php\/wp-json\/wp\/v2\/media?parent=261"}],"curies":[{"name":"wp","href":"https:\/\/api.w.org\/{rel}","templated":true}]}}